{"id":7,"date":"2022-01-15T12:43:57","date_gmt":"2022-01-15T12:43:57","guid":{"rendered":"http:\/\/experience.ouvrezlaboite.com\/index.php\/colibri-wp\/"},"modified":"2023-06-21T11:04:45","modified_gmt":"2023-06-21T09:04:45","slug":"colibri-wp","status":"publish","type":"page","link":"https:\/\/ouvrezlaboite.com\/","title":{"rendered":"Ouvrez La Boite"},"content":{"rendered":"<div data-colibri-id=\"7-c1\" class=\"style-199 style-local-7-c1 position-relative\">\n  <!---->\n  <div data-colibri-component=\"section\" data-colibri-id=\"7-c2\" id=\"overlappable\" class=\"h-section h-section-global-spacing d-flex align-items-lg-center align-items-md-center align-items-center style-200 style-local-7-c2 position-relative\">\n    <!---->\n    <!---->\n    <div class=\"h-section-grid-container h-section-boxed-container\">\n      <!---->\n      <div data-colibri-id=\"7-c3\" class=\"h-row-container gutters-row-lg-2 gutters-row-md-0 gutters-row-2 gutters-row-v-lg-2 gutters-row-v-md-0 gutters-row-v-2 style-201 style-local-7-c3 position-relative\">\n        <!---->\n        <div class=\"h-row justify-content-lg-center justify-content-md-center justify-content-center align-items-lg-stretch align-items-md-stretch align-items-stretch gutters-col-lg-2 gutters-col-md-0 gutters-col-2 gutters-col-v-lg-2 gutters-col-v-md-0 gutters-col-v-2\">\n          <!---->\n          <div class=\"h-column h-column-container d-flex h-col-lg-4 h-col-md-4 h-col-12 style-202-outer style-local-7-c4-outer\">\n            <div data-colibri-id=\"7-c4\" class=\"d-flex h-flex-basis h-column__inner h-px-lg-2 h-px-md-3 h-px-2 v-inner-lg-0 v-inner-md-3 v-inner-2 style-202 style-local-7-c4 position-relative\">\n              <!---->\n              <!---->\n              <div class=\"w-100 h-y-container h-column__content h-column__v-align flex-basis-100 align-self-lg-start align-self-md-start align-self-start\">\n                <!---->\n                <div data-colibri-id=\"7-c5\" class=\"h-icon style-203 style-local-7-c5 position-relative h-element\">\n                  <!----><span class=\"h-svg-icon h-icon__icon style-203-icon style-local-7-c5-icon\"><!--Icon by Icons8 Line Awesome (https:\/\/icons8.com\/line-awesome)--><svg version=\"1.1\" xmlns=\"http:\/\/www.w3.org\/2000\/svg\" xmlns:xlink=\"http:\/\/www.w3.org\/1999\/xlink\" id=\"sitemap\" viewBox=\"0 0 512 545.5\"><path d=\"M192 112h128v128h-48v32h160v64h48v128H352V336h48v-32H272v32h48v128H192V336h48v-32H112v32h48v128H32V336h48v-64h160v-32h-48V112zm32 32v64h64v-64h-64zM64 368v64h64v-64H64zm160 0v64h64v-64h-64zm160 0v64h64v-64h-64z\"><\/path><\/svg><\/span><\/div>\n                <div\n                  data-colibri-id=\"7-c6\" class=\"h-global-transition-all h-heading style-204 style-local-7-c6 position-relative h-element\">\n                  <!---->\n                  <div class=\"h-heading__outer style-204 style-local-7-c6\">\n                    <!---->\n                    <!---->\n                    <h6 class=\"\">En constantE \u00e9volution<\/h6>\n                  <\/div>\n              <\/div>\n              <div data-colibri-id=\"7-c7\" class=\"h-text h-text-component style-205 style-local-7-c7 position-relative h-element\">\n                <!---->\n                <!---->\n                <div class=\"\">\n                  <p><span style=\"font-weight: 400; font-size: 16px; font-family: Lato, sans-serif; color: rgb(51, 51, 51);\">Passons ensemble \u00e0 un monde connect\u00e9.<\/span><\/p>\n                <\/div>\n              <\/div>\n            <\/div>\n          <\/div>\n        <\/div>\n        <div class=\"h-column h-column-container d-flex h-col-lg-4 h-col-md-4 h-col-12 style-202-outer style-local-7-c8-outer\">\n          <div data-colibri-id=\"7-c8\" class=\"d-flex h-flex-basis h-column__inner h-px-lg-2 h-px-md-3 h-px-2 v-inner-lg-0 v-inner-md-3 v-inner-2 style-202 style-local-7-c8 position-relative\">\n            <!---->\n            <!---->\n            <div class=\"w-100 h-y-container h-column__content h-column__v-align flex-basis-100 align-self-lg-start align-self-md-start align-self-start\">\n              <!---->\n              <div data-colibri-id=\"7-c9\" class=\"h-icon style-203 style-local-7-c9 position-relative h-element\">\n                <!----><span class=\"h-svg-icon h-icon__icon style-203-icon style-local-7-c9-icon\"><!--Icon by Font Awesome (https:\/\/fontawesome.com)-->\n    <svg version=\"1.1\" xmlns=\"http:\/\/www.w3.org\/2000\/svg\" xmlns:xlink=\"http:\/\/www.w3.org\/1999\/xlink\" id=\"download\" viewBox=\"0 0 1664 1896.0833\">\n      <path d=\"M1280 1344q0-26-19-45t-45-19-45 19-19 45 19 45 45 19 45-19 19-45zm256 0q0-26-19-45t-45-19-45 19-19 45 19 45 45 19 45-19 19-45zm128-224v320q0 40-28 68t-68 28H96q-40 0-68-28t-28-68v-320q0-40 28-68t68-28h465l135 136q58 56 136 56t136-56l136-136h464q40 0 68 28t28 68zm-325-569q17 41-14 70l-448 448q-18 19-45 19t-45-19L339 621q-31-29-14-70 17-39 59-39h256V64q0-26 19-45t45-19h256q26 0 45 19t19 45v448h256q42 0 59 39z\"><\/path>\n    <\/svg><\/span><\/div>\n              <div data-colibri-id=\"7-c10\" class=\"h-global-transition-all h-heading style-204 style-local-7-c10 position-relative h-element\">\n                <!---->\n                <div class=\"h-heading__outer style-204 style-local-7-c10\">\n                  <!---->\n                  <!---->\n                  <h6 class=\"\">Sauvegarde DANS LE CLOUD\n                    <br>optionnelle<\/h6>\n                <\/div>\n              <\/div>\n              <div data-colibri-id=\"7-c11\" class=\"h-text h-text-component style-205 style-local-7-c11 position-relative h-element\">\n                <!---->\n                <!---->\n                <div class=\"\">\n                  <p>Oubliez vos sauvegardes.<\/p>\n                <\/div>\n              <\/div>\n            <\/div>\n          <\/div>\n        <\/div>\n        <div class=\"h-column h-column-container d-flex h-col-lg-4 h-col-md-4 h-col-12 style-202-outer style-local-7-c12-outer\">\n          <div data-colibri-id=\"7-c12\" class=\"d-flex h-flex-basis h-column__inner h-px-lg-2 h-px-md-3 h-px-2 v-inner-lg-0 v-inner-md-3 v-inner-2 style-202 style-local-7-c12 position-relative\">\n            <!---->\n            <!---->\n            <div class=\"w-100 h-y-container h-column__content h-column__v-align flex-basis-100 align-self-lg-start align-self-md-start align-self-start\">\n              <!---->\n              <div data-colibri-id=\"7-c13\" class=\"h-icon style-203 style-local-7-c13 position-relative h-element\">\n                <!----><span class=\"h-svg-icon h-icon__icon style-203-icon style-local-7-c13-icon\"><!--Icon by Font Awesome (https:\/\/fontawesome.com)-->\n    <svg version=\"1.1\" xmlns=\"http:\/\/www.w3.org\/2000\/svg\" xmlns:xlink=\"http:\/\/www.w3.org\/1999\/xlink\" id=\"assistive-listening-systems\" viewBox=\"0 0 1792 1896.0833\">\n      <path d=\"M128 1728q0 26-19 45t-45 19-45-19-19-45 19-45 45-19 45 19 19 45zm192-192q0 26-19 45t-45 19-45-19-19-45 19-45 45-19 45 19 19 45zm45-365l256 256-90 90-256-256zm339-19q0 26-19 45t-45 19-45-19-19-45 19-45 45-19 45 19 19 45zm707-320q0 59-11.5 108.5T1362 1034t-44 67.5-53 64.5q-31 35-45.5 54t-33.5 50-26.5 64-7.5 74q0 159-112.5 271.5T768 1792q-26 0-45-19t-19-45 19-45 45-19q106 0 181-75t75-181q0-57 11.5-105.5t37-91 43.5-66.5 52-63q40-46 59.5-72t37.5-74.5 18-103.5q0-185-131.5-316.5T835 384 518.5 515.5 387 832q0 26-19 45t-45 19-45-19-19-45q0-117 45.5-223.5t123-184 184-123T835 256t223.5 45.5 184 123 123 184T1411 832zM896 960q0 26-19 45t-45 19-45-19-19-45 19-45 45-19 45 19 19 45zm288-128q0 26-19 45t-45 19-45-19-19-45q0-93-65.5-158.5T832 608q-92 0-158 65.5T608 832q0 26-19 45t-45 19-45-19-19-45q0-146 103-249t249-103 249 103 103 249zm394-289q10 25-1 49t-36 34q-9 4-23 4-19 0-35.5-11t-23.5-30q-68-178-224-295-21-16-25-42t12-47q17-21 43-25t47 12q183 137 266 351zm210-81q9 25-1.5 49t-35.5 34q-11 4-23 4-44 0-60-41-92-238-297-393-22-16-25.5-42t12.5-47q16-22 42-25.5t47 12.5q235 175 341 449z\"><\/path>\n    <\/svg><\/span><\/div>\n              <div data-colibri-id=\"7-c14\" class=\"h-global-transition-all h-heading style-204 style-local-7-c14 position-relative h-element\">\n                <!---->\n                <div class=\"h-heading__outer style-204 style-local-7-c14\">\n                  <!---->\n                  <!---->\n                  <h6 class=\"\">Assistance t\u00e9l\u00e9phonique<\/h6>\n                <\/div>\n              <\/div>\n              <div data-colibri-id=\"7-c15\" class=\"h-text h-text-component style-205 style-local-7-c15 position-relative h-element\">\n                <!---->\n                <!---->\n                <div class=\"\">\n                  <p><span style=\"color: rgb(77, 81, 86); font-family: arial, sans-serif; font-size: 14px; font-weight: 400;\">D\u00e9couvrez les b\u00e9n\u00e9fices de notre solution d&rsquo;assistance<\/span><\/p>\n                <\/div>\n              <\/div>\n            <\/div>\n          <\/div>\n        <\/div>\n      <\/div>\n    <\/div>\n  <\/div>\n<\/div>\n<\/div>","protected":false},"excerpt":{"rendered":"<p>En constantE \u00e9volution Passons ensemble \u00e0 un monde connect\u00e9. Sauvegarde DANS LE CLOUD optionnelle Oubliez vos sauvegardes. Assistance t\u00e9l\u00e9phonique D\u00e9couvrez les b\u00e9n\u00e9fices de notre solution d&rsquo;assistance<\/p>\n","protected":false},"author":1,"featured_media":0,"parent":0,"menu_order":0,"comment_status":"closed","ping_status":"closed","template":"page-templates\/homepage.php","meta":{"footnotes":""},"class_list":["post-7","page","type-page","status-publish","hentry"],"_links":{"self":[{"href":"https:\/\/ouvrezlaboite.com\/index.php\/wp-json\/wp\/v2\/pages\/7","targetHints":{"allow":["GET"]}}],"collection":[{"href":"https:\/\/ouvrezlaboite.com\/index.php\/wp-json\/wp\/v2\/pages"}],"about":[{"href":"https:\/\/ouvrezlaboite.com\/index.php\/wp-json\/wp\/v2\/types\/page"}],"author":[{"embeddable":true,"href":"https:\/\/ouvrezlaboite.com\/index.php\/wp-json\/wp\/v2\/users\/1"}],"replies":[{"embeddable":true,"href":"https:\/\/ouvrezlaboite.com\/index.php\/wp-json\/wp\/v2\/comments?post=7"}],"version-history":[{"count":20,"href":"https:\/\/ouvrezlaboite.com\/index.php\/wp-json\/wp\/v2\/pages\/7\/revisions"}],"predecessor-version":[{"id":504,"href":"https:\/\/ouvrezlaboite.com\/index.php\/wp-json\/wp\/v2\/pages\/7\/revisions\/504"}],"wp:attachment":[{"href":"https:\/\/ouvrezlaboite.com\/index.php\/wp-json\/wp\/v2\/media?parent=7"}],"curies":[{"name":"wp","href":"https:\/\/api.w.org\/{rel}","templated":true}]}}